{"id":114,"date":"2024-09-02T12:34:24","date_gmt":"2024-09-02T12:34:24","guid":{"rendered":"https:\/\/www.suomentislaamoliitto.fi\/?page_id=114"},"modified":"2024-09-24T15:33:36","modified_gmt":"2024-09-24T15:33:36","slug":"saannot","status":"publish","type":"page","link":"https:\/\/www.suomentislaamoliitto.fi\/index.php\/saannot\/","title":{"rendered":"S\u00e4\u00e4nn\u00f6t"},"content":{"rendered":"\n<div class=\"wp-block-group has-global-padding is-layout-constrained wp-block-group-is-layout-constrained\" style=\"padding-top:var(--wp--preset--spacing--30);padding-bottom:var(--wp--preset--spacing--30)\">\n<p class=\"has-text-color has-link-color has-heading-font-family wp-elements-2060569d8f12ffb897f96188513fe9e8\" style=\"color:#c38f70;padding-top:0;padding-bottom:0\"><strong>YHDISTYSS\u00c4\u00c4NN\u00d6T<br>SUOMEN TISLAAMOLIITTO<\/strong><\/p>\n<\/div>\n\n\n\n<div data-wp-interactive=\"core\/file\" class=\"wp-block-file has-base-2-background-color has-background has-link-color wp-elements-6aad70007596e295fa7e021ca6384e11\"><object data-wp-bind--hidden=\"!state.hasPdfPreview\" hidden class=\"wp-block-file__embed\" data=\"https:\/\/www.suomentislaamoliitto.fi\/wp-content\/uploads\/2024\/09\/Yhdistyssaannot-Suomen-Tislaamoliitto-24.pdf\" type=\"application\/pdf\" style=\"width:100%;height:1210px\" aria-label=\"Tiedoston &lt;em&gt;Yhdistyss\u00e4\u00e4nn\u00f6t Suomen Tislaamoliitto 24&lt;\/em&gt; upotus.\"><\/object><a id=\"wp-block-file--media-94f2f382-1d8a-46d3-8f55-0b7e11ec88f1\" href=\"https:\/\/www.suomentislaamoliitto.fi\/index.php\/saannot\/yhdistyssaannot-suomen-tislaamoliitto-24\/\"><em>Yhdistyss\u00e4\u00e4nn\u00f6t Suomen Tislaamoliitto 24<\/em><\/a><a href=\"https:\/\/www.suomentislaamoliitto.fi\/wp-content\/uploads\/2024\/09\/Yhdistyssaannot-Suomen-Tislaamoliitto-24.pdf\" class=\"wp-block-file__button wp-element-button\" download aria-describedby=\"wp-block-file--media-94f2f382-1d8a-46d3-8f55-0b7e11ec88f1\">Lataa<\/a><\/div>\n","protected":false},"excerpt":{"rendered":"<p>YHDISTYSS\u00c4\u00c4NN\u00d6TSUOMEN TISLAAMOLIITTO<\/p>\n","protected":false},"author":1,"featured_media":0,"parent":0,"menu_order":0,"comment_status":"closed","ping_status":"closed","template":"page-no-title","meta":{"_monsterinsights_skip_tracking":false,"_monsterinsights_sitenote_active":false,"_monsterinsights_sitenote_note":"","_monsterinsights_sitenote_category":0,"footnotes":""},"class_list":["post-114","page","type-page","status-publish","hentry"],"yoast_head":"<!-- This site is optimized with the Yoast SEO plugin v27.5 - https:\/\/yoast.com\/product\/yoast-seo-wordpress\/ -->\n<title>S\u00e4\u00e4nn\u00f6t - Suomen Tislaamoliitto<\/title>\n<meta name=\"description\" content=\"Suomen Tislaamoliitto\" \/>\n<meta name=\"robots\" content=\"index, follow, max-snippet:-1, max-image-preview:large, max-video-preview:-1\" \/>\n<link rel=\"canonical\" href=\"https:\/\/www.suomentislaamoliitto.fi\/index.php\/saannot\/\" \/>\n<meta property=\"og:locale\" content=\"fi_FI\" \/>\n<meta property=\"og:type\" content=\"article\" \/>\n<meta property=\"og:title\" content=\"S\u00e4\u00e4nn\u00f6t - Suomen Tislaamoliitto\" \/>\n<meta property=\"og:description\" content=\"Suomen Tislaamoliitto\" \/>\n<meta property=\"og:url\" content=\"https:\/\/www.suomentislaamoliitto.fi\/index.php\/saannot\/\" \/>\n<meta property=\"og:site_name\" content=\"Suomen Tislaamoliitto\" \/>\n<meta property=\"article:modified_time\" content=\"2024-09-24T15:33:36+00:00\" \/>\n<meta property=\"og:image\" content=\"https:\/\/www.suomentislaamoliitto.fi\/wp-content\/uploads\/2024\/08\/cropped-tislaamologo.jpg\" \/>\n\t<meta property=\"og:image:width\" content=\"512\" \/>\n\t<meta property=\"og:image:height\" content=\"512\" \/>\n\t<meta property=\"og:image:type\" content=\"image\/jpeg\" \/>\n<meta name=\"twitter:card\" content=\"summary_large_image\" \/>\n<meta name=\"twitter:label1\" content=\"Arvioitu lukuaika\" \/>\n\t<meta name=\"twitter:data1\" content=\"1 minuutti\" \/>\n<script type=\"application\/ld+json\" class=\"yoast-schema-graph\">{\"@context\":\"https:\\\/\\\/schema.org\",\"@graph\":[{\"@type\":\"WebPage\",\"@id\":\"https:\\\/\\\/www.suomentislaamoliitto.fi\\\/index.php\\\/saannot\\\/\",\"url\":\"https:\\\/\\\/www.suomentislaamoliitto.fi\\\/index.php\\\/saannot\\\/\",\"name\":\"S\u00e4\u00e4nn\u00f6t - Suomen Tislaamoliitto\",\"isPartOf\":{\"@id\":\"https:\\\/\\\/www.suomentislaamoliitto.fi\\\/#website\"},\"datePublished\":\"2024-09-02T12:34:24+00:00\",\"dateModified\":\"2024-09-24T15:33:36+00:00\",\"description\":\"Suomen Tislaamoliitto\",\"breadcrumb\":{\"@id\":\"https:\\\/\\\/www.suomentislaamoliitto.fi\\\/index.php\\\/saannot\\\/#breadcrumb\"},\"inLanguage\":\"fi\",\"potentialAction\":[{\"@type\":\"ReadAction\",\"target\":[\"https:\\\/\\\/www.suomentislaamoliitto.fi\\\/index.php\\\/saannot\\\/\"]}]},{\"@type\":\"BreadcrumbList\",\"@id\":\"https:\\\/\\\/www.suomentislaamoliitto.fi\\\/index.php\\\/saannot\\\/#breadcrumb\",\"itemListElement\":[{\"@type\":\"ListItem\",\"position\":1,\"name\":\"Etusivu\",\"item\":\"https:\\\/\\\/www.suomentislaamoliitto.fi\\\/\"},{\"@type\":\"ListItem\",\"position\":2,\"name\":\"S\u00e4\u00e4nn\u00f6t\"}]},{\"@type\":\"WebSite\",\"@id\":\"https:\\\/\\\/www.suomentislaamoliitto.fi\\\/#website\",\"url\":\"https:\\\/\\\/www.suomentislaamoliitto.fi\\\/\",\"name\":\"Suomen Tislaamoliitto\",\"description\":\"Kotimaiset tislaamot yhdistiv&auml;t voimansa perustamalla Suomen Tislaamoliiton\",\"publisher\":{\"@id\":\"https:\\\/\\\/www.suomentislaamoliitto.fi\\\/#organization\"},\"alternateName\":\"Tislaamoliitto\",\"potentialAction\":[{\"@type\":\"SearchAction\",\"target\":{\"@type\":\"EntryPoint\",\"urlTemplate\":\"https:\\\/\\\/www.suomentislaamoliitto.fi\\\/?s={search_term_string}\"},\"query-input\":{\"@type\":\"PropertyValueSpecification\",\"valueRequired\":true,\"valueName\":\"search_term_string\"}}],\"inLanguage\":\"fi\"},{\"@type\":\"Organization\",\"@id\":\"https:\\\/\\\/www.suomentislaamoliitto.fi\\\/#organization\",\"name\":\"Suomen Tislaamoliitto\",\"alternateName\":\"Tislaamoliitto\",\"url\":\"https:\\\/\\\/www.suomentislaamoliitto.fi\\\/\",\"logo\":{\"@type\":\"ImageObject\",\"inLanguage\":\"fi\",\"@id\":\"https:\\\/\\\/www.suomentislaamoliitto.fi\\\/#\\\/schema\\\/logo\\\/image\\\/\",\"url\":\"https:\\\/\\\/www.suomentislaamoliitto.fi\\\/wp-content\\\/uploads\\\/2024\\\/08\\\/tislaamologo.jpg\",\"contentUrl\":\"https:\\\/\\\/www.suomentislaamoliitto.fi\\\/wp-content\\\/uploads\\\/2024\\\/08\\\/tislaamologo.jpg\",\"width\":595,\"height\":595,\"caption\":\"Suomen Tislaamoliitto\"},\"image\":{\"@id\":\"https:\\\/\\\/www.suomentislaamoliitto.fi\\\/#\\\/schema\\\/logo\\\/image\\\/\"}}]}<\/script>\n<!-- \/ Yoast SEO plugin. -->","yoast_head_json":{"title":"S\u00e4\u00e4nn\u00f6t - Suomen Tislaamoliitto","description":"Suomen Tislaamoliitto","robots":{"index":"index","follow":"follow","max-snippet":"max-snippet:-1","max-image-preview":"max-image-preview:large","max-video-preview":"max-video-preview:-1"},"canonical":"https:\/\/www.suomentislaamoliitto.fi\/index.php\/saannot\/","og_locale":"fi_FI","og_type":"article","og_title":"S\u00e4\u00e4nn\u00f6t - Suomen Tislaamoliitto","og_description":"Suomen Tislaamoliitto","og_url":"https:\/\/www.suomentislaamoliitto.fi\/index.php\/saannot\/","og_site_name":"Suomen Tislaamoliitto","article_modified_time":"2024-09-24T15:33:36+00:00","og_image":[{"width":512,"height":512,"url":"https:\/\/www.suomentislaamoliitto.fi\/wp-content\/uploads\/2024\/08\/cropped-tislaamologo.jpg","type":"image\/jpeg"}],"twitter_card":"summary_large_image","twitter_misc":{"Arvioitu lukuaika":"1 minuutti"},"schema":{"@context":"https:\/\/schema.org","@graph":[{"@type":"WebPage","@id":"https:\/\/www.suomentislaamoliitto.fi\/index.php\/saannot\/","url":"https:\/\/www.suomentislaamoliitto.fi\/index.php\/saannot\/","name":"S\u00e4\u00e4nn\u00f6t - Suomen Tislaamoliitto","isPartOf":{"@id":"https:\/\/www.suomentislaamoliitto.fi\/#website"},"datePublished":"2024-09-02T12:34:24+00:00","dateModified":"2024-09-24T15:33:36+00:00","description":"Suomen Tislaamoliitto","breadcrumb":{"@id":"https:\/\/www.suomentislaamoliitto.fi\/index.php\/saannot\/#breadcrumb"},"inLanguage":"fi","potentialAction":[{"@type":"ReadAction","target":["https:\/\/www.suomentislaamoliitto.fi\/index.php\/saannot\/"]}]},{"@type":"BreadcrumbList","@id":"https:\/\/www.suomentislaamoliitto.fi\/index.php\/saannot\/#breadcrumb","itemListElement":[{"@type":"ListItem","position":1,"name":"Etusivu","item":"https:\/\/www.suomentislaamoliitto.fi\/"},{"@type":"ListItem","position":2,"name":"S\u00e4\u00e4nn\u00f6t"}]},{"@type":"WebSite","@id":"https:\/\/www.suomentislaamoliitto.fi\/#website","url":"https:\/\/www.suomentislaamoliitto.fi\/","name":"Suomen Tislaamoliitto","description":"Kotimaiset tislaamot yhdistiv&auml;t voimansa perustamalla Suomen Tislaamoliiton","publisher":{"@id":"https:\/\/www.suomentislaamoliitto.fi\/#organization"},"alternateName":"Tislaamoliitto","potentialAction":[{"@type":"SearchAction","target":{"@type":"EntryPoint","urlTemplate":"https:\/\/www.suomentislaamoliitto.fi\/?s={search_term_string}"},"query-input":{"@type":"PropertyValueSpecification","valueRequired":true,"valueName":"search_term_string"}}],"inLanguage":"fi"},{"@type":"Organization","@id":"https:\/\/www.suomentislaamoliitto.fi\/#organization","name":"Suomen Tislaamoliitto","alternateName":"Tislaamoliitto","url":"https:\/\/www.suomentislaamoliitto.fi\/","logo":{"@type":"ImageObject","inLanguage":"fi","@id":"https:\/\/www.suomentislaamoliitto.fi\/#\/schema\/logo\/image\/","url":"https:\/\/www.suomentislaamoliitto.fi\/wp-content\/uploads\/2024\/08\/tislaamologo.jpg","contentUrl":"https:\/\/www.suomentislaamoliitto.fi\/wp-content\/uploads\/2024\/08\/tislaamologo.jpg","width":595,"height":595,"caption":"Suomen Tislaamoliitto"},"image":{"@id":"https:\/\/www.suomentislaamoliitto.fi\/#\/schema\/logo\/image\/"}}]}},"_links":{"self":[{"href":"https:\/\/www.suomentislaamoliitto.fi\/index.php\/wp-json\/wp\/v2\/pages\/114","targetHints":{"allow":["GET"]}}],"collection":[{"href":"https:\/\/www.suomentislaamoliitto.fi\/index.php\/wp-json\/wp\/v2\/pages"}],"about":[{"href":"https:\/\/www.suomentislaamoliitto.fi\/index.php\/wp-json\/wp\/v2\/types\/page"}],"author":[{"embeddable":true,"href":"https:\/\/www.suomentislaamoliitto.fi\/index.php\/wp-json\/wp\/v2\/users\/1"}],"replies":[{"embeddable":true,"href":"https:\/\/www.suomentislaamoliitto.fi\/index.php\/wp-json\/wp\/v2\/comments?post=114"}],"version-history":[{"count":8,"href":"https:\/\/www.suomentislaamoliitto.fi\/index.php\/wp-json\/wp\/v2\/pages\/114\/revisions"}],"predecessor-version":[{"id":322,"href":"https:\/\/www.suomentislaamoliitto.fi\/index.php\/wp-json\/wp\/v2\/pages\/114\/revisions\/322"}],"wp:attachment":[{"href":"https:\/\/www.suomentislaamoliitto.fi\/index.php\/wp-json\/wp\/v2\/media?parent=114"}],"curies":[{"name":"wp","href":"https:\/\/api.w.org\/{rel}","templated":true}]}}