{"id":169,"date":"2024-09-04T20:02:08","date_gmt":"2024-09-04T20:02:08","guid":{"rendered":"https:\/\/www.suomentislaamoliitto.fi\/?page_id=169"},"modified":"2025-07-08T10:58:42","modified_gmt":"2025-07-08T10:58:42","slug":"jasenedut","status":"publish","type":"page","link":"https:\/\/www.suomentislaamoliitto.fi\/index.php\/jasenedut\/","title":{"rendered":"J\u00e4senedut"},"content":{"rendered":"\n<p class=\"has-text-color has-link-color has-heading-font-family wp-elements-a3020e584a923536cf1ab603527d3cdf\" style=\"color:#c38f70;padding-top:var(--wp--preset--spacing--30);padding-bottom:var(--wp--preset--spacing--30)\"><strong>TISLAAMOLIITON J\u00c4SENILLE TARJOTTAVAT J\u00c4SENEDUT<\/strong><\/p>\n\n\n\n<figure class=\"wp-block-image size-full is-resized\"><img loading=\"lazy\" decoding=\"async\" width=\"180\" height=\"70\" src=\"https:\/\/www.suomentislaamoliitto.fi\/wp-content\/uploads\/2024\/09\/Pakkauskoneetpakkaustarvikkeet_Krsmentie_Krsmentie_logo-1.png\" alt=\"\" class=\"wp-image-313\" style=\"width:399px;height:auto\"\/><figcaption class=\"wp-element-caption\">DRINK CONSULT FINLAND TARJOAA SUOMEN TISLAAMOLIITON <br>VIRALLISILLE YRITYSJ\u00c4SENILLE <strong>5 % ALENNUKSEN<\/strong> <br>KAIKISTA HEID\u00c4N KAUTTAAN TEHDYIST\u00c4 OSTOISTA.<\/figcaption><\/figure>\n\n\n\n<p><a href=\"https:\/\/www.drinkconsult.com\">https:\/\/www.drinkconsult.com<\/a><\/p>\n\n\n\n<hr class=\"wp-block-separator has-alpha-channel-opacity is-style-wide\" style=\"margin-top:var(--wp--preset--spacing--30);margin-bottom:var(--wp--preset--spacing--30)\"\/>\n\n\n\n<figure class=\"wp-block-image size-full is-resized\"><img loading=\"lazy\" decoding=\"async\" width=\"948\" height=\"206\" src=\"https:\/\/www.suomentislaamoliitto.fi\/wp-content\/uploads\/2024\/12\/Ecolab.png\" alt=\"\" class=\"wp-image-336\" style=\"width:394px;height:auto\" srcset=\"https:\/\/www.suomentislaamoliitto.fi\/wp-content\/uploads\/2024\/12\/Ecolab.png 948w, https:\/\/www.suomentislaamoliitto.fi\/wp-content\/uploads\/2024\/12\/Ecolab-300x65.png 300w, https:\/\/www.suomentislaamoliitto.fi\/wp-content\/uploads\/2024\/12\/Ecolab-768x167.png 768w\" sizes=\"auto, (max-width: 948px) 100vw, 948px\" \/><figcaption class=\"wp-element-caption\"><br>ECOLAB TARJOAA SUOMEN TISLAAMOLIITON <br>VIRALLISILLE YRITYSJ\u00c4SENILLE <strong>5 % ALENNUKSEN<\/strong> <br>PESUAINEISTA JA MUISTA KEMIKAALEISTA.<\/figcaption><\/figure>\n\n\n\n<p><a href=\"https:\/\/www.drinkconsult.com\">https:\/\/fi-fi.ecolab.c<\/a>om<\/p>\n\n\n\n<hr class=\"wp-block-separator has-alpha-channel-opacity is-style-wide\" style=\"margin-top:var(--wp--preset--spacing--30);margin-bottom:var(--wp--preset--spacing--30)\"\/>\n\n\n\n<figure class=\"wp-block-image size-full is-resized\"><img loading=\"lazy\" decoding=\"async\" width=\"358\" height=\"77\" src=\"https:\/\/www.suomentislaamoliitto.fi\/wp-content\/uploads\/2024\/12\/brewos.png\" alt=\"\" class=\"wp-image-337\" style=\"width:394px;height:auto\" srcset=\"https:\/\/www.suomentislaamoliitto.fi\/wp-content\/uploads\/2024\/12\/brewos.png 358w, https:\/\/www.suomentislaamoliitto.fi\/wp-content\/uploads\/2024\/12\/brewos-300x65.png 300w\" sizes=\"auto, (max-width: 358px) 100vw, 358px\" \/><figcaption class=\"wp-element-caption\"><br>BREWOS TARJOAA SUOMEN TISLAAMOLIITON <br>VIRALLISILLE YRITYSJ\u00c4SENILLE <strong>5 % ALENNUKSEN<\/strong> <br>ENSIMM\u00c4ISEST\u00c4 OSTETUSTA LISENSSIST\u00c4 BREWOS ERP\/CRM PALVELUUN.<\/figcaption><\/figure>\n\n\n\n<p><a href=\"https:\/\/www.drinkconsult.com\">https:\/\/brewos.<\/a>fi<\/p>\n\n\n\n<hr class=\"wp-block-separator has-alpha-channel-opacity is-style-wide\" style=\"margin-top:var(--wp--preset--spacing--30);margin-bottom:var(--wp--preset--spacing--30)\"\/>\n\n\n\n<figure class=\"wp-block-image size-full is-resized\"><img loading=\"lazy\" decoding=\"async\" width=\"1024\" height=\"315\" src=\"https:\/\/www.suomentislaamoliitto.fi\/wp-content\/uploads\/2025\/07\/Logo-slogan-1024x315-1.png\" alt=\"\" class=\"wp-image-372\" style=\"width:394px;height:auto\" srcset=\"https:\/\/www.suomentislaamoliitto.fi\/wp-content\/uploads\/2025\/07\/Logo-slogan-1024x315-1.png 1024w, https:\/\/www.suomentislaamoliitto.fi\/wp-content\/uploads\/2025\/07\/Logo-slogan-1024x315-1-300x92.png 300w, https:\/\/www.suomentislaamoliitto.fi\/wp-content\/uploads\/2025\/07\/Logo-slogan-1024x315-1-768x236.png 768w\" sizes=\"auto, (max-width: 1024px) 100vw, 1024px\" \/><figcaption class=\"wp-element-caption\"><br><strong>EZETTE &#8211; DIGITAALINEN TUOTEPASSI (DPP)<\/strong><br><br><strong>ALOITUS<\/strong><br>750 \u20ac <strong>&#8211; 40 % LIITON J\u00c4SENILLE ELI 450 \u20ac <\/strong><br><br><strong>YLL\u00c4PITO<\/strong><br>9 \u20ac\/KK\/DPP, <strong>LIITON J\u00c4SENILLE 6 \u20ac\/KK\/DPP ALV 0 %<\/strong><br><br><strong>Sis\u00e4lt\u00e4\u00e4:<\/strong><br>1. Suojatun tuotekohtaisen QR-koodin luominen<br>2. Tuotteen kuvauksen (sis. video YouTube-linkki ja kuvan)<br>3. Ainesosaluettelon<br>4. Ravintoarvotiedot<br>5. Maku<br>6. Ruokasuositus<br>7. Tarjoilul\u00e4mp\u00f6tila<br>8. Verkkolinkit tuotteen sivulle<br>9. Panimon kuvaus (sis. videon ja kuvan)<br>10. Yhteystiedot<br>11. Sosiaalisen median linkit<br><br><strong>Jatkossa:<\/strong><br>Koska kohdat 8\u201311 ovat aina samat eli muuttuvia kohtia ovat 1\u20137, on hinnoittelu jatkossa 320 \u20ac\/tuote + yll\u00e4pito 6 \u20ac\/kk. Hinnat sis\u00e4lt\u00e4v\u00e4t yhden p\u00e4ivityksen\/vuosi.<br><br><strong>Lis\u00e4ksi:<\/strong><br>Tuotamme kaikille Ezette-tuotepasseille oman osion Juomaposti.fi-verkkosivuille. Sinne t\u00e4ydennet\u00e4\u00e4n aina uudet tuotteet. T\u00e4t\u00e4 sivustoa markkinoidaan ja viestit\u00e4\u00e4n kuluttajille, v\u00e4hitt\u00e4iskauppiaille ja ravintoloille.<br><br>DIGITAALISET TUOTEPASSIT JOTKA TOIMIVAT MY\u00d6S MARKKINOINNIN JA VIESTINN\u00c4N TARPEISIIN. TARJOUS ON VOIMASSA 31.8.2025 SAAKKA JA VARAUKSIA OTETAAN VASTAAN MY\u00d6S TULEVIA TUOTTEITA KOSKIEN<\/figcaption><\/figure>\n\n\n\n<p class=\"has-system-sans-serif-font-family has-medium-font-size\"><a href=\"http:\/\/www.ezette.com\">www.ezette.com<\/a><\/p>\n\n\n\n<p class=\"has-system-sans-serif-font-family has-small-font-size\"><\/p>\n\n\n\n<p><\/p>\n","protected":false},"excerpt":{"rendered":"<p>TISLAAMOLIITON J\u00c4SENILLE TARJOTTAVAT J\u00c4SENEDUT https:\/\/www.drinkconsult.com https:\/\/fi-fi.ecolab.com https:\/\/brewos.fi www.ezette.com<\/p>\n","protected":false},"author":1,"featured_media":0,"parent":0,"menu_order":0,"comment_status":"closed","ping_status":"closed","template":"page-no-title","meta":{"_monsterinsights_skip_tracking":false,"_monsterinsights_sitenote_active":false,"_monsterinsights_sitenote_note":"","_monsterinsights_sitenote_category":0,"footnotes":""},"class_list":["post-169","page","type-page","status-publish","hentry"],"yoast_head":"<!-- This site is optimized with the Yoast SEO plugin v27.5 - https:\/\/yoast.com\/product\/yoast-seo-wordpress\/ -->\n<title>J\u00e4senedut - Suomen Tislaamoliitto<\/title>\n<meta name=\"description\" content=\"Suomen Tislaamoliitto\" \/>\n<meta name=\"robots\" content=\"index, follow, max-snippet:-1, max-image-preview:large, max-video-preview:-1\" \/>\n<link rel=\"canonical\" href=\"https:\/\/www.suomentislaamoliitto.fi\/index.php\/jasenedut\/\" \/>\n<meta property=\"og:locale\" content=\"fi_FI\" \/>\n<meta property=\"og:type\" content=\"article\" \/>\n<meta property=\"og:title\" content=\"J\u00e4senedut - Suomen Tislaamoliitto\" \/>\n<meta property=\"og:description\" content=\"Suomen Tislaamoliitto\" \/>\n<meta property=\"og:url\" content=\"https:\/\/www.suomentislaamoliitto.fi\/index.php\/jasenedut\/\" \/>\n<meta property=\"og:site_name\" content=\"Suomen Tislaamoliitto\" \/>\n<meta property=\"article:modified_time\" content=\"2025-07-08T10:58:42+00:00\" \/>\n<meta property=\"og:image\" content=\"https:\/\/www.suomentislaamoliitto.fi\/wp-content\/uploads\/2024\/09\/Pakkauskoneetpakkaustarvikkeet_Krsmentie_Krsmentie_logo-1.png\" \/>\n\t<meta property=\"og:image:width\" content=\"180\" \/>\n\t<meta property=\"og:image:height\" content=\"70\" \/>\n\t<meta property=\"og:image:type\" content=\"image\/png\" \/>\n<meta name=\"twitter:card\" content=\"summary_large_image\" \/>\n<meta name=\"twitter:label1\" content=\"Arvioitu lukuaika\" \/>\n\t<meta name=\"twitter:data1\" content=\"2 minuuttia\" \/>\n<script type=\"application\/ld+json\" class=\"yoast-schema-graph\">{\"@context\":\"https:\\\/\\\/schema.org\",\"@graph\":[{\"@type\":\"WebPage\",\"@id\":\"https:\\\/\\\/www.suomentislaamoliitto.fi\\\/index.php\\\/jasenedut\\\/\",\"url\":\"https:\\\/\\\/www.suomentislaamoliitto.fi\\\/index.php\\\/jasenedut\\\/\",\"name\":\"J\u00e4senedut - Suomen Tislaamoliitto\",\"isPartOf\":{\"@id\":\"https:\\\/\\\/www.suomentislaamoliitto.fi\\\/#website\"},\"primaryImageOfPage\":{\"@id\":\"https:\\\/\\\/www.suomentislaamoliitto.fi\\\/index.php\\\/jasenedut\\\/#primaryimage\"},\"image\":{\"@id\":\"https:\\\/\\\/www.suomentislaamoliitto.fi\\\/index.php\\\/jasenedut\\\/#primaryimage\"},\"thumbnailUrl\":\"https:\\\/\\\/www.suomentislaamoliitto.fi\\\/wp-content\\\/uploads\\\/2024\\\/09\\\/Pakkauskoneetpakkaustarvikkeet_Krsmentie_Krsmentie_logo-1.png\",\"datePublished\":\"2024-09-04T20:02:08+00:00\",\"dateModified\":\"2025-07-08T10:58:42+00:00\",\"description\":\"Suomen Tislaamoliitto\",\"breadcrumb\":{\"@id\":\"https:\\\/\\\/www.suomentislaamoliitto.fi\\\/index.php\\\/jasenedut\\\/#breadcrumb\"},\"inLanguage\":\"fi\",\"potentialAction\":[{\"@type\":\"ReadAction\",\"target\":[\"https:\\\/\\\/www.suomentislaamoliitto.fi\\\/index.php\\\/jasenedut\\\/\"]}]},{\"@type\":\"ImageObject\",\"inLanguage\":\"fi\",\"@id\":\"https:\\\/\\\/www.suomentislaamoliitto.fi\\\/index.php\\\/jasenedut\\\/#primaryimage\",\"url\":\"https:\\\/\\\/www.suomentislaamoliitto.fi\\\/wp-content\\\/uploads\\\/2024\\\/09\\\/Pakkauskoneetpakkaustarvikkeet_Krsmentie_Krsmentie_logo-1.png\",\"contentUrl\":\"https:\\\/\\\/www.suomentislaamoliitto.fi\\\/wp-content\\\/uploads\\\/2024\\\/09\\\/Pakkauskoneetpakkaustarvikkeet_Krsmentie_Krsmentie_logo-1.png\",\"width\":180,\"height\":70},{\"@type\":\"BreadcrumbList\",\"@id\":\"https:\\\/\\\/www.suomentislaamoliitto.fi\\\/index.php\\\/jasenedut\\\/#breadcrumb\",\"itemListElement\":[{\"@type\":\"ListItem\",\"position\":1,\"name\":\"Etusivu\",\"item\":\"https:\\\/\\\/www.suomentislaamoliitto.fi\\\/\"},{\"@type\":\"ListItem\",\"position\":2,\"name\":\"J\u00e4senedut\"}]},{\"@type\":\"WebSite\",\"@id\":\"https:\\\/\\\/www.suomentislaamoliitto.fi\\\/#website\",\"url\":\"https:\\\/\\\/www.suomentislaamoliitto.fi\\\/\",\"name\":\"Suomen Tislaamoliitto\",\"description\":\"Kotimaiset tislaamot yhdistiv&auml;t voimansa perustamalla Suomen Tislaamoliiton\",\"publisher\":{\"@id\":\"https:\\\/\\\/www.suomentislaamoliitto.fi\\\/#organization\"},\"alternateName\":\"Tislaamoliitto\",\"potentialAction\":[{\"@type\":\"SearchAction\",\"target\":{\"@type\":\"EntryPoint\",\"urlTemplate\":\"https:\\\/\\\/www.suomentislaamoliitto.fi\\\/?s={search_term_string}\"},\"query-input\":{\"@type\":\"PropertyValueSpecification\",\"valueRequired\":true,\"valueName\":\"search_term_string\"}}],\"inLanguage\":\"fi\"},{\"@type\":\"Organization\",\"@id\":\"https:\\\/\\\/www.suomentislaamoliitto.fi\\\/#organization\",\"name\":\"Suomen Tislaamoliitto\",\"alternateName\":\"Tislaamoliitto\",\"url\":\"https:\\\/\\\/www.suomentislaamoliitto.fi\\\/\",\"logo\":{\"@type\":\"ImageObject\",\"inLanguage\":\"fi\",\"@id\":\"https:\\\/\\\/www.suomentislaamoliitto.fi\\\/#\\\/schema\\\/logo\\\/image\\\/\",\"url\":\"https:\\\/\\\/www.suomentislaamoliitto.fi\\\/wp-content\\\/uploads\\\/2024\\\/08\\\/tislaamologo.jpg\",\"contentUrl\":\"https:\\\/\\\/www.suomentislaamoliitto.fi\\\/wp-content\\\/uploads\\\/2024\\\/08\\\/tislaamologo.jpg\",\"width\":595,\"height\":595,\"caption\":\"Suomen Tislaamoliitto\"},\"image\":{\"@id\":\"https:\\\/\\\/www.suomentislaamoliitto.fi\\\/#\\\/schema\\\/logo\\\/image\\\/\"}}]}<\/script>\n<!-- \/ Yoast SEO plugin. -->","yoast_head_json":{"title":"J\u00e4senedut - Suomen Tislaamoliitto","description":"Suomen Tislaamoliitto","robots":{"index":"index","follow":"follow","max-snippet":"max-snippet:-1","max-image-preview":"max-image-preview:large","max-video-preview":"max-video-preview:-1"},"canonical":"https:\/\/www.suomentislaamoliitto.fi\/index.php\/jasenedut\/","og_locale":"fi_FI","og_type":"article","og_title":"J\u00e4senedut - Suomen Tislaamoliitto","og_description":"Suomen Tislaamoliitto","og_url":"https:\/\/www.suomentislaamoliitto.fi\/index.php\/jasenedut\/","og_site_name":"Suomen Tislaamoliitto","article_modified_time":"2025-07-08T10:58:42+00:00","og_image":[{"width":180,"height":70,"url":"https:\/\/www.suomentislaamoliitto.fi\/wp-content\/uploads\/2024\/09\/Pakkauskoneetpakkaustarvikkeet_Krsmentie_Krsmentie_logo-1.png","type":"image\/png"}],"twitter_card":"summary_large_image","twitter_misc":{"Arvioitu lukuaika":"2 minuuttia"},"schema":{"@context":"https:\/\/schema.org","@graph":[{"@type":"WebPage","@id":"https:\/\/www.suomentislaamoliitto.fi\/index.php\/jasenedut\/","url":"https:\/\/www.suomentislaamoliitto.fi\/index.php\/jasenedut\/","name":"J\u00e4senedut - Suomen Tislaamoliitto","isPartOf":{"@id":"https:\/\/www.suomentislaamoliitto.fi\/#website"},"primaryImageOfPage":{"@id":"https:\/\/www.suomentislaamoliitto.fi\/index.php\/jasenedut\/#primaryimage"},"image":{"@id":"https:\/\/www.suomentislaamoliitto.fi\/index.php\/jasenedut\/#primaryimage"},"thumbnailUrl":"https:\/\/www.suomentislaamoliitto.fi\/wp-content\/uploads\/2024\/09\/Pakkauskoneetpakkaustarvikkeet_Krsmentie_Krsmentie_logo-1.png","datePublished":"2024-09-04T20:02:08+00:00","dateModified":"2025-07-08T10:58:42+00:00","description":"Suomen Tislaamoliitto","breadcrumb":{"@id":"https:\/\/www.suomentislaamoliitto.fi\/index.php\/jasenedut\/#breadcrumb"},"inLanguage":"fi","potentialAction":[{"@type":"ReadAction","target":["https:\/\/www.suomentislaamoliitto.fi\/index.php\/jasenedut\/"]}]},{"@type":"ImageObject","inLanguage":"fi","@id":"https:\/\/www.suomentislaamoliitto.fi\/index.php\/jasenedut\/#primaryimage","url":"https:\/\/www.suomentislaamoliitto.fi\/wp-content\/uploads\/2024\/09\/Pakkauskoneetpakkaustarvikkeet_Krsmentie_Krsmentie_logo-1.png","contentUrl":"https:\/\/www.suomentislaamoliitto.fi\/wp-content\/uploads\/2024\/09\/Pakkauskoneetpakkaustarvikkeet_Krsmentie_Krsmentie_logo-1.png","width":180,"height":70},{"@type":"BreadcrumbList","@id":"https:\/\/www.suomentislaamoliitto.fi\/index.php\/jasenedut\/#breadcrumb","itemListElement":[{"@type":"ListItem","position":1,"name":"Etusivu","item":"https:\/\/www.suomentislaamoliitto.fi\/"},{"@type":"ListItem","position":2,"name":"J\u00e4senedut"}]},{"@type":"WebSite","@id":"https:\/\/www.suomentislaamoliitto.fi\/#website","url":"https:\/\/www.suomentislaamoliitto.fi\/","name":"Suomen Tislaamoliitto","description":"Kotimaiset tislaamot yhdistiv&auml;t voimansa perustamalla Suomen Tislaamoliiton","publisher":{"@id":"https:\/\/www.suomentislaamoliitto.fi\/#organization"},"alternateName":"Tislaamoliitto","potentialAction":[{"@type":"SearchAction","target":{"@type":"EntryPoint","urlTemplate":"https:\/\/www.suomentislaamoliitto.fi\/?s={search_term_string}"},"query-input":{"@type":"PropertyValueSpecification","valueRequired":true,"valueName":"search_term_string"}}],"inLanguage":"fi"},{"@type":"Organization","@id":"https:\/\/www.suomentislaamoliitto.fi\/#organization","name":"Suomen Tislaamoliitto","alternateName":"Tislaamoliitto","url":"https:\/\/www.suomentislaamoliitto.fi\/","logo":{"@type":"ImageObject","inLanguage":"fi","@id":"https:\/\/www.suomentislaamoliitto.fi\/#\/schema\/logo\/image\/","url":"https:\/\/www.suomentislaamoliitto.fi\/wp-content\/uploads\/2024\/08\/tislaamologo.jpg","contentUrl":"https:\/\/www.suomentislaamoliitto.fi\/wp-content\/uploads\/2024\/08\/tislaamologo.jpg","width":595,"height":595,"caption":"Suomen Tislaamoliitto"},"image":{"@id":"https:\/\/www.suomentislaamoliitto.fi\/#\/schema\/logo\/image\/"}}]}},"_links":{"self":[{"href":"https:\/\/www.suomentislaamoliitto.fi\/index.php\/wp-json\/wp\/v2\/pages\/169","targetHints":{"allow":["GET"]}}],"collection":[{"href":"https:\/\/www.suomentislaamoliitto.fi\/index.php\/wp-json\/wp\/v2\/pages"}],"about":[{"href":"https:\/\/www.suomentislaamoliitto.fi\/index.php\/wp-json\/wp\/v2\/types\/page"}],"author":[{"embeddable":true,"href":"https:\/\/www.suomentislaamoliitto.fi\/index.php\/wp-json\/wp\/v2\/users\/1"}],"replies":[{"embeddable":true,"href":"https:\/\/www.suomentislaamoliitto.fi\/index.php\/wp-json\/wp\/v2\/comments?post=169"}],"version-history":[{"count":8,"href":"https:\/\/www.suomentislaamoliitto.fi\/index.php\/wp-json\/wp\/v2\/pages\/169\/revisions"}],"predecessor-version":[{"id":373,"href":"https:\/\/www.suomentislaamoliitto.fi\/index.php\/wp-json\/wp\/v2\/pages\/169\/revisions\/373"}],"wp:attachment":[{"href":"https:\/\/www.suomentislaamoliitto.fi\/index.php\/wp-json\/wp\/v2\/media?parent=169"}],"curies":[{"name":"wp","href":"https:\/\/api.w.org\/{rel}","templated":true}]}}