{"id":65,"date":"2024-09-02T14:21:19","date_gmt":"2024-09-02T14:21:19","guid":{"rendered":"https:\/\/www.suomentislaamoliitto.fi\/?page_id=65"},"modified":"2024-09-24T14:29:40","modified_gmt":"2024-09-24T14:29:40","slug":"hallitus","status":"publish","type":"page","link":"https:\/\/www.suomentislaamoliitto.fi\/index.php\/hallitus\/","title":{"rendered":"Hallitus"},"content":{"rendered":"\n<div class=\"wp-block-group has-global-padding is-layout-constrained wp-block-group-is-layout-constrained\" style=\"padding-top:var(--wp--preset--spacing--30);padding-bottom:var(--wp--preset--spacing--30)\">\n<p class=\"has-text-color has-link-color has-heading-font-family wp-elements-a1b029c2b5e6c9580bcd7f33fa956897\" style=\"color:#c38f70;padding-top:0;padding-bottom:0\"><strong>HALLITUS 2024, SUOMEN TISLAAMOLIITTO<\/strong><\/p>\n\n\n\n<p class=\"has-contrast-color has-text-color has-link-color has-system-sans-serif-font-family wp-elements-21045698c1a61f689ed461a397fe2410\" style=\"padding-top:0;padding-bottom:0\">Asko Ryyn\u00e4nen, puheenjohtaja (Valamo\/Nordic Premium Beverages)<\/p>\n\n\n\n<p class=\"has-contrast-color has-text-color has-link-color wp-elements-ee031977b0e024df30c3a0e9a1f1c986\" style=\"padding-top:0;padding-bottom:0\">Tapio J\u00e4rvenp\u00e4\u00e4, varapuheenjohtaja (Turku Distillery)<\/p>\n\n\n\n<p class=\"has-contrast-color has-text-color has-link-color wp-elements-97e882dc89d0497c2d13ece9057dd7ca\" style=\"padding-top:0;padding-bottom:0\">Miika Riekkinen, sihteeri (KOTO Spirits\/HAMI)<\/p>\n\n\n\n<p class=\"has-contrast-color has-text-color has-link-color wp-elements-bb1ffcce463683c0440e00862a3724e4\" style=\"padding-top:0;padding-bottom:0\">Miko Heinil\u00e4 (Kyr\u00f6 Distillery Company)<\/p>\n\n\n\n<p class=\"has-contrast-color has-text-color has-link-color wp-elements-58d7483d247abb960ca2138d5102a551\" style=\"padding-top:0;padding-bottom:0\">Terhi M\u00e4kel\u00e4 (H\u00e4jy Distilling Company)<\/p>\n\n\n\n<p class=\"has-contrast-color has-text-color has-link-color wp-elements-0b6a4b4700c05f8156b67bae1477be93\" style=\"padding-top:0;padding-bottom:0\">Juha Karvonen (Kolima Distillery)<\/p>\n\n\n\n<p class=\"has-contrast-color has-text-color has-link-color wp-elements-34f7a0f7b50757359f4b89f89a6121a4\" style=\"padding-top:0;padding-bottom:0\">Jonas Sahlberg (Kimito Distilling Company)<\/p>\n\n\n\n<p><\/p>\n\n\n\n<figure class=\"wp-block-image size-full has-custom-border wp-duotone-111111-rgb195143112-1\"><img loading=\"lazy\" decoding=\"async\" width=\"576\" height=\"478\" src=\"https:\/\/www.suomentislaamoliitto.fi\/wp-content\/uploads\/2024\/09\/TLHallitus24.jpg\" alt=\"\" class=\"wp-image-293\" style=\"border-style:none;border-width:0px;border-radius:26px\" srcset=\"https:\/\/www.suomentislaamoliitto.fi\/wp-content\/uploads\/2024\/09\/TLHallitus24.jpg 576w, https:\/\/www.suomentislaamoliitto.fi\/wp-content\/uploads\/2024\/09\/TLHallitus24-300x249.jpg 300w\" sizes=\"auto, (max-width: 576px) 100vw, 576px\" \/><\/figure>\n<\/div>\n","protected":false},"excerpt":{"rendered":"<p>HALLITUS 2024, SUOMEN TISLAAMOLIITTO Asko Ryyn\u00e4nen, puheenjohtaja (Valamo\/Nordic Premium Beverages) Tapio J\u00e4rvenp\u00e4\u00e4, varapuheenjohtaja (Turku Distillery) Miika Riekkinen, sihteeri (KOTO Spirits\/HAMI) Miko Heinil\u00e4 (Kyr\u00f6 Distillery Company) Terhi M\u00e4kel\u00e4 (H\u00e4jy Distilling Company) Juha Karvonen (Kolima Distillery) Jonas Sahlberg (Kimito Distilling Company)<\/p>\n","protected":false},"author":1,"featured_media":0,"parent":0,"menu_order":0,"comment_status":"closed","ping_status":"closed","template":"page-no-title","meta":{"_monsterinsights_skip_tracking":false,"_monsterinsights_sitenote_active":false,"_monsterinsights_sitenote_note":"","_monsterinsights_sitenote_category":0,"footnotes":""},"class_list":["post-65","page","type-page","status-publish","hentry"],"yoast_head":"<!-- This site is optimized with the Yoast SEO plugin v27.5 - https:\/\/yoast.com\/product\/yoast-seo-wordpress\/ -->\n<title>Suomen Tislaamoliitto - Hallitus<\/title>\n<meta name=\"description\" content=\"Suomen Tislaamoliitto\" \/>\n<meta name=\"robots\" content=\"index, follow, max-snippet:-1, max-image-preview:large, max-video-preview:-1\" \/>\n<link rel=\"canonical\" href=\"https:\/\/www.suomentislaamoliitto.fi\/index.php\/hallitus\/\" \/>\n<meta property=\"og:locale\" content=\"fi_FI\" \/>\n<meta property=\"og:type\" content=\"article\" \/>\n<meta property=\"og:title\" content=\"Suomen Tislaamoliitto - Hallitus\" \/>\n<meta property=\"og:description\" content=\"Suomen Tislaamoliitto\" \/>\n<meta property=\"og:url\" content=\"https:\/\/www.suomentislaamoliitto.fi\/index.php\/hallitus\/\" \/>\n<meta property=\"og:site_name\" content=\"Suomen Tislaamoliitto\" \/>\n<meta property=\"article:modified_time\" content=\"2024-09-24T14:29:40+00:00\" \/>\n<meta property=\"og:image\" content=\"https:\/\/www.suomentislaamoliitto.fi\/wp-content\/uploads\/2024\/09\/TLHallitus24.jpg\" \/>\n<meta name=\"twitter:card\" content=\"summary_large_image\" \/>\n<meta name=\"twitter:label1\" content=\"Arvioitu lukuaika\" \/>\n\t<meta name=\"twitter:data1\" content=\"1 minuutti\" \/>\n<script type=\"application\/ld+json\" class=\"yoast-schema-graph\">{\"@context\":\"https:\\\/\\\/schema.org\",\"@graph\":[{\"@type\":\"WebPage\",\"@id\":\"https:\\\/\\\/www.suomentislaamoliitto.fi\\\/index.php\\\/hallitus\\\/\",\"url\":\"https:\\\/\\\/www.suomentislaamoliitto.fi\\\/index.php\\\/hallitus\\\/\",\"name\":\"Suomen Tislaamoliitto - Hallitus\",\"isPartOf\":{\"@id\":\"https:\\\/\\\/www.suomentislaamoliitto.fi\\\/#website\"},\"primaryImageOfPage\":{\"@id\":\"https:\\\/\\\/www.suomentislaamoliitto.fi\\\/index.php\\\/hallitus\\\/#primaryimage\"},\"image\":{\"@id\":\"https:\\\/\\\/www.suomentislaamoliitto.fi\\\/index.php\\\/hallitus\\\/#primaryimage\"},\"thumbnailUrl\":\"https:\\\/\\\/www.suomentislaamoliitto.fi\\\/wp-content\\\/uploads\\\/2024\\\/09\\\/TLHallitus24.jpg\",\"datePublished\":\"2024-09-02T14:21:19+00:00\",\"dateModified\":\"2024-09-24T14:29:40+00:00\",\"description\":\"Suomen Tislaamoliitto\",\"breadcrumb\":{\"@id\":\"https:\\\/\\\/www.suomentislaamoliitto.fi\\\/index.php\\\/hallitus\\\/#breadcrumb\"},\"inLanguage\":\"fi\",\"potentialAction\":[{\"@type\":\"ReadAction\",\"target\":[\"https:\\\/\\\/www.suomentislaamoliitto.fi\\\/index.php\\\/hallitus\\\/\"]}]},{\"@type\":\"ImageObject\",\"inLanguage\":\"fi\",\"@id\":\"https:\\\/\\\/www.suomentislaamoliitto.fi\\\/index.php\\\/hallitus\\\/#primaryimage\",\"url\":\"https:\\\/\\\/www.suomentislaamoliitto.fi\\\/wp-content\\\/uploads\\\/2024\\\/09\\\/TLHallitus24.jpg\",\"contentUrl\":\"https:\\\/\\\/www.suomentislaamoliitto.fi\\\/wp-content\\\/uploads\\\/2024\\\/09\\\/TLHallitus24.jpg\",\"width\":576,\"height\":478},{\"@type\":\"BreadcrumbList\",\"@id\":\"https:\\\/\\\/www.suomentislaamoliitto.fi\\\/index.php\\\/hallitus\\\/#breadcrumb\",\"itemListElement\":[{\"@type\":\"ListItem\",\"position\":1,\"name\":\"Etusivu\",\"item\":\"https:\\\/\\\/www.suomentislaamoliitto.fi\\\/\"},{\"@type\":\"ListItem\",\"position\":2,\"name\":\"Hallitus\"}]},{\"@type\":\"WebSite\",\"@id\":\"https:\\\/\\\/www.suomentislaamoliitto.fi\\\/#website\",\"url\":\"https:\\\/\\\/www.suomentislaamoliitto.fi\\\/\",\"name\":\"Suomen Tislaamoliitto\",\"description\":\"Kotimaiset tislaamot yhdistiv&auml;t voimansa perustamalla Suomen Tislaamoliiton\",\"publisher\":{\"@id\":\"https:\\\/\\\/www.suomentislaamoliitto.fi\\\/#organization\"},\"alternateName\":\"Tislaamoliitto\",\"potentialAction\":[{\"@type\":\"SearchAction\",\"target\":{\"@type\":\"EntryPoint\",\"urlTemplate\":\"https:\\\/\\\/www.suomentislaamoliitto.fi\\\/?s={search_term_string}\"},\"query-input\":{\"@type\":\"PropertyValueSpecification\",\"valueRequired\":true,\"valueName\":\"search_term_string\"}}],\"inLanguage\":\"fi\"},{\"@type\":\"Organization\",\"@id\":\"https:\\\/\\\/www.suomentislaamoliitto.fi\\\/#organization\",\"name\":\"Suomen Tislaamoliitto\",\"alternateName\":\"Tislaamoliitto\",\"url\":\"https:\\\/\\\/www.suomentislaamoliitto.fi\\\/\",\"logo\":{\"@type\":\"ImageObject\",\"inLanguage\":\"fi\",\"@id\":\"https:\\\/\\\/www.suomentislaamoliitto.fi\\\/#\\\/schema\\\/logo\\\/image\\\/\",\"url\":\"https:\\\/\\\/www.suomentislaamoliitto.fi\\\/wp-content\\\/uploads\\\/2024\\\/08\\\/tislaamologo.jpg\",\"contentUrl\":\"https:\\\/\\\/www.suomentislaamoliitto.fi\\\/wp-content\\\/uploads\\\/2024\\\/08\\\/tislaamologo.jpg\",\"width\":595,\"height\":595,\"caption\":\"Suomen Tislaamoliitto\"},\"image\":{\"@id\":\"https:\\\/\\\/www.suomentislaamoliitto.fi\\\/#\\\/schema\\\/logo\\\/image\\\/\"}}]}<\/script>\n<!-- \/ Yoast SEO plugin. -->","yoast_head_json":{"title":"Suomen Tislaamoliitto - Hallitus","description":"Suomen Tislaamoliitto","robots":{"index":"index","follow":"follow","max-snippet":"max-snippet:-1","max-image-preview":"max-image-preview:large","max-video-preview":"max-video-preview:-1"},"canonical":"https:\/\/www.suomentislaamoliitto.fi\/index.php\/hallitus\/","og_locale":"fi_FI","og_type":"article","og_title":"Suomen Tislaamoliitto - Hallitus","og_description":"Suomen Tislaamoliitto","og_url":"https:\/\/www.suomentislaamoliitto.fi\/index.php\/hallitus\/","og_site_name":"Suomen Tislaamoliitto","article_modified_time":"2024-09-24T14:29:40+00:00","og_image":[{"url":"https:\/\/www.suomentislaamoliitto.fi\/wp-content\/uploads\/2024\/09\/TLHallitus24.jpg","type":"","width":"","height":""}],"twitter_card":"summary_large_image","twitter_misc":{"Arvioitu lukuaika":"1 minuutti"},"schema":{"@context":"https:\/\/schema.org","@graph":[{"@type":"WebPage","@id":"https:\/\/www.suomentislaamoliitto.fi\/index.php\/hallitus\/","url":"https:\/\/www.suomentislaamoliitto.fi\/index.php\/hallitus\/","name":"Suomen Tislaamoliitto - Hallitus","isPartOf":{"@id":"https:\/\/www.suomentislaamoliitto.fi\/#website"},"primaryImageOfPage":{"@id":"https:\/\/www.suomentislaamoliitto.fi\/index.php\/hallitus\/#primaryimage"},"image":{"@id":"https:\/\/www.suomentislaamoliitto.fi\/index.php\/hallitus\/#primaryimage"},"thumbnailUrl":"https:\/\/www.suomentislaamoliitto.fi\/wp-content\/uploads\/2024\/09\/TLHallitus24.jpg","datePublished":"2024-09-02T14:21:19+00:00","dateModified":"2024-09-24T14:29:40+00:00","description":"Suomen Tislaamoliitto","breadcrumb":{"@id":"https:\/\/www.suomentislaamoliitto.fi\/index.php\/hallitus\/#breadcrumb"},"inLanguage":"fi","potentialAction":[{"@type":"ReadAction","target":["https:\/\/www.suomentislaamoliitto.fi\/index.php\/hallitus\/"]}]},{"@type":"ImageObject","inLanguage":"fi","@id":"https:\/\/www.suomentislaamoliitto.fi\/index.php\/hallitus\/#primaryimage","url":"https:\/\/www.suomentislaamoliitto.fi\/wp-content\/uploads\/2024\/09\/TLHallitus24.jpg","contentUrl":"https:\/\/www.suomentislaamoliitto.fi\/wp-content\/uploads\/2024\/09\/TLHallitus24.jpg","width":576,"height":478},{"@type":"BreadcrumbList","@id":"https:\/\/www.suomentislaamoliitto.fi\/index.php\/hallitus\/#breadcrumb","itemListElement":[{"@type":"ListItem","position":1,"name":"Etusivu","item":"https:\/\/www.suomentislaamoliitto.fi\/"},{"@type":"ListItem","position":2,"name":"Hallitus"}]},{"@type":"WebSite","@id":"https:\/\/www.suomentislaamoliitto.fi\/#website","url":"https:\/\/www.suomentislaamoliitto.fi\/","name":"Suomen Tislaamoliitto","description":"Kotimaiset tislaamot yhdistiv&auml;t voimansa perustamalla Suomen Tislaamoliiton","publisher":{"@id":"https:\/\/www.suomentislaamoliitto.fi\/#organization"},"alternateName":"Tislaamoliitto","potentialAction":[{"@type":"SearchAction","target":{"@type":"EntryPoint","urlTemplate":"https:\/\/www.suomentislaamoliitto.fi\/?s={search_term_string}"},"query-input":{"@type":"PropertyValueSpecification","valueRequired":true,"valueName":"search_term_string"}}],"inLanguage":"fi"},{"@type":"Organization","@id":"https:\/\/www.suomentislaamoliitto.fi\/#organization","name":"Suomen Tislaamoliitto","alternateName":"Tislaamoliitto","url":"https:\/\/www.suomentislaamoliitto.fi\/","logo":{"@type":"ImageObject","inLanguage":"fi","@id":"https:\/\/www.suomentislaamoliitto.fi\/#\/schema\/logo\/image\/","url":"https:\/\/www.suomentislaamoliitto.fi\/wp-content\/uploads\/2024\/08\/tislaamologo.jpg","contentUrl":"https:\/\/www.suomentislaamoliitto.fi\/wp-content\/uploads\/2024\/08\/tislaamologo.jpg","width":595,"height":595,"caption":"Suomen Tislaamoliitto"},"image":{"@id":"https:\/\/www.suomentislaamoliitto.fi\/#\/schema\/logo\/image\/"}}]}},"_links":{"self":[{"href":"https:\/\/www.suomentislaamoliitto.fi\/index.php\/wp-json\/wp\/v2\/pages\/65","targetHints":{"allow":["GET"]}}],"collection":[{"href":"https:\/\/www.suomentislaamoliitto.fi\/index.php\/wp-json\/wp\/v2\/pages"}],"about":[{"href":"https:\/\/www.suomentislaamoliitto.fi\/index.php\/wp-json\/wp\/v2\/types\/page"}],"author":[{"embeddable":true,"href":"https:\/\/www.suomentislaamoliitto.fi\/index.php\/wp-json\/wp\/v2\/users\/1"}],"replies":[{"embeddable":true,"href":"https:\/\/www.suomentislaamoliitto.fi\/index.php\/wp-json\/wp\/v2\/comments?post=65"}],"version-history":[{"count":14,"href":"https:\/\/www.suomentislaamoliitto.fi\/index.php\/wp-json\/wp\/v2\/pages\/65\/revisions"}],"predecessor-version":[{"id":299,"href":"https:\/\/www.suomentislaamoliitto.fi\/index.php\/wp-json\/wp\/v2\/pages\/65\/revisions\/299"}],"wp:attachment":[{"href":"https:\/\/www.suomentislaamoliitto.fi\/index.php\/wp-json\/wp\/v2\/media?parent=65"}],"curies":[{"name":"wp","href":"https:\/\/api.w.org\/{rel}","templated":true}]}}