{"id":82,"date":"2024-09-04T20:32:26","date_gmt":"2024-09-04T20:32:26","guid":{"rendered":"https:\/\/www.suomentislaamoliitto.fi\/?page_id=82"},"modified":"2025-07-11T05:28:33","modified_gmt":"2025-07-11T05:28:33","slug":"jasenhakemus","status":"publish","type":"page","link":"https:\/\/www.suomentislaamoliitto.fi\/index.php\/jasenhakemus\/","title":{"rendered":"J\u00e4senhakemus"},"content":{"rendered":"<noscript class=\"ninja-forms-noscript-message\">\n\tHuomautus: JavaScript vaaditaan t\u00e4t\u00e4 sis\u00e4lt\u00f6\u00e4 varten.<\/noscript>\n<div id=\"nf-form-2-cont\" class=\"nf-form-cont\" aria-live=\"polite\" aria-labelledby=\"nf-form-title-2\" aria-describedby=\"nf-form-errors-2\" role=\"form\">\n\n    <div class=\"nf-loading-spinner\"><\/div>\n\n<\/div>\n        <!-- That data is being printed as a workaround to page builders reordering the order of the scripts loaded-->\n        <script>var formDisplay=1;var nfForms=nfForms||[];var form=[];form.id='2';form.settings={\"objectType\":\"Form Setting\",\"editActive\":true,\"title\":\"J\\u00e4senhakemus\",\"created_at\":\"2016-08-28 16:16:05\",\"form_title\":\"Event Registration\",\"default_label_pos\":\"above\",\"show_title\":\"1\",\"clear_complete\":\"1\",\"hide_complete\":\"1\",\"logged_in\":\"0\",\"key\":\"\",\"wrapper_class\":\"\",\"element_class\":\"\",\"add_submit\":\"0\",\"not_logged_in_msg\":\"\",\"sub_limit_number\":\"\",\"sub_limit_msg\":\"\",\"calculations\":[],\"formContentData\":[\"nimi_1725180581793\",\"yritys_1725180600147\",\"sahkoposti_1725180609837\",\"puhelin_1725180615132\",\"vapaa_sana_1725481216183\",\"hr_1\",\"mita_jasenyytta_haet_1725199203174\",\"hr_2\",\"laheta_1725199344229\"],\"currency\":\"\",\"unique_field_error\":\"A form with this value has already been submitted.\",\"allow_public_link\":0,\"embed_form\":\"\",\"form_title_heading_level\":\"3\",\"changeEmailErrorMsg\":\"Anna voimassa oleva s\\u00e4hk\\u00f6postiosoite!\",\"changeDateErrorMsg\":\"Please enter a valid date!\",\"confirmFieldErrorMsg\":\"N\\u00e4iden kenttien on t\\u00e4sm\\u00e4tt\\u00e4v\\u00e4!\",\"fieldNumberNumMinError\":\"Numero minimi virhe\",\"fieldNumberNumMaxError\":\"Numero maksimi virhe\",\"fieldNumberIncrementBy\":\"Lis\\u00e4\\u00e4 m\\u00e4\\u00e4r\\u00e4ll\\u00e4 \",\"formErrorsCorrectErrors\":\"Korjaa virheet, ennen kuin l\\u00e4het\\u00e4t t\\u00e4m\\u00e4n lomakkeen.\",\"validateRequiredField\":\"T\\u00e4m\\u00e4 on pakollinen kentt\\u00e4.\",\"honeypotHoneypotError\":\"Honeypot-virhe\",\"fieldsMarkedRequired\":\"T\\u00e4hdell\\u00e4 <span class=\\\"ninja-forms-req-symbol\\\">*<\\\/span> merkityt kent\\u00e4t ovat pakollisia\",\"objectDomain\":\"display\",\"drawerDisabled\":false,\"ninjaForms\":\"Ninja-lomakkeet\",\"fieldTextareaRTEInsertLink\":\"Lis\\u00e4\\u00e4 linkki\",\"fieldTextareaRTEInsertMedia\":\"Lis\\u00e4\\u00e4 media\",\"fieldTextareaRTESelectAFile\":\"Valitse tiedosto\",\"formHoneypot\":\"Jos n\\u00e4et t\\u00e4m\\u00e4n kent\\u00e4n, j\\u00e4t\\u00e4 se tyhj\\u00e4ksi.\",\"fileUploadOldCodeFileUploadInProgress\":\"Tiedoston l\\u00e4hett\\u00e4minen menossa.\",\"fileUploadOldCodeFileUpload\":\"TIEDOSTON L\\u00c4HETT\\u00c4MINEN\",\"currencySymbol\":\"&euro;\",\"thousands_sep\":\"&nbsp;\",\"decimal_point\":\",\",\"siteLocale\":\"fi\",\"dateFormat\":\"m\\\/d\\\/Y\",\"startOfWeek\":\"1\",\"of\":\" \\\/ \",\"previousMonth\":\"Previous Month\",\"nextMonth\":\"Next Month\",\"months\":[\"January\",\"February\",\"March\",\"April\",\"May\",\"June\",\"July\",\"August\",\"September\",\"October\",\"November\",\"December\"],\"monthsShort\":[\"Jan\",\"Feb\",\"Mar\",\"Apr\",\"May\",\"Jun\",\"Jul\",\"Aug\",\"Sep\",\"Oct\",\"Nov\",\"Dec\"],\"weekdays\":[\"Sunday\",\"Monday\",\"Tuesday\",\"Wednesday\",\"Thursday\",\"Friday\",\"Saturday\"],\"weekdaysShort\":[\"Sun\",\"Mon\",\"Tue\",\"Wed\",\"Thu\",\"Fri\",\"Sat\"],\"weekdaysMin\":[\"Su\",\"Mo\",\"Tu\",\"We\",\"Th\",\"Fr\",\"Sa\"],\"recaptchaConsentMissing\":\"reCaptcha validation couldn&#039;t load.\",\"recaptchaMissingCookie\":\"reCaptcha v3 validation couldn&#039;t load the cookie needed to submit the form.\",\"recaptchaConsentEvent\":\"Accept reCaptcha cookies before sending the form.\",\"currency_symbol\":\"\",\"beforeForm\":\"\",\"beforeFields\":\"\",\"afterFields\":\"\",\"afterForm\":\"\"};form.fields=[{\"objectType\":\"Field\",\"objectDomain\":\"fields\",\"editActive\":false,\"order\":1,\"idAttribute\":\"id\",\"label\":\"Nimi\",\"key\":\"nimi_1725180581793\",\"type\":\"firstname\",\"created_at\":\"2016-08-28 16:16:05\",\"label_pos\":\"above\",\"required\":0,\"default\":\"\",\"placeholder\":\"\",\"container_class\":\"one-half first\",\"element_class\":\"\",\"admin_label\":\"\",\"help_text\":\"\",\"desc_text\":\"\",\"field_label\":\"First Name\",\"field_key\":\"firstname\",\"custom_name_attribute\":\"fname\",\"personally_identifiable\":1,\"value\":\"\",\"id\":7,\"beforeField\":\"\",\"afterField\":\"\",\"parentType\":\"firstname\",\"element_templates\":[\"firstname\",\"input\"],\"old_classname\":\"\",\"wrap_template\":\"wrap\"},{\"objectType\":\"Field\",\"objectDomain\":\"fields\",\"editActive\":false,\"order\":2,\"idAttribute\":\"id\",\"label\":\"Yritys\",\"key\":\"yritys_1725180600147\",\"type\":\"lastname\",\"created_at\":\"2016-08-28 16:16:05\",\"label_pos\":\"above\",\"required\":0,\"default\":\"\",\"placeholder\":\"\",\"container_class\":\"one-half\",\"element_class\":\"\",\"admin_label\":\"\",\"help_text\":\"\",\"desc_text\":\"\",\"field_label\":\"Last Name\",\"field_key\":\"lastname\",\"custom_name_attribute\":\"lname\",\"personally_identifiable\":1,\"value\":\"\",\"id\":8,\"beforeField\":\"\",\"afterField\":\"\",\"parentType\":\"lastname\",\"element_templates\":[\"lastname\",\"input\"],\"old_classname\":\"\",\"wrap_template\":\"wrap\"},{\"objectType\":\"Field\",\"objectDomain\":\"fields\",\"editActive\":false,\"order\":6,\"idAttribute\":\"id\",\"label\":\"S\\u00e4hk\\u00f6posti\",\"key\":\"sahkoposti_1725180609837\",\"type\":\"email\",\"created_at\":\"2016-08-28 16:16:05\",\"label_pos\":\"above\",\"required\":0,\"default\":\"\",\"placeholder\":\"\",\"container_class\":\"one-half first\",\"element_class\":\"\",\"admin_label\":\"\",\"help_text\":\"\",\"desc_text\":\"\",\"field_label\":\"Email\",\"field_key\":\"email\",\"custom_name_attribute\":\"email\",\"personally_identifiable\":1,\"value\":\"\",\"drawerDisabled\":false,\"id\":9,\"beforeField\":\"\",\"afterField\":\"\",\"parentType\":\"email\",\"element_templates\":[\"email\",\"input\"],\"old_classname\":\"\",\"wrap_template\":\"wrap\"},{\"objectType\":\"Field\",\"objectDomain\":\"fields\",\"editActive\":false,\"order\":7,\"idAttribute\":\"id\",\"label\":\"Puhelin\",\"key\":\"puhelin_1725180615132\",\"type\":\"textbox\",\"created_at\":\"2016-08-28 16:16:05\",\"label_pos\":\"above\",\"required\":0,\"placeholder\":\"\",\"default\":\"\",\"container_class\":\"one-half\",\"element_class\":\"\",\"input_limit\":\"\",\"input_limit_type\":\"characters\",\"input_limit_msg\":\"Character(s) left\",\"manual_key\":\"\",\"disable_input\":\"\",\"admin_label\":\"\",\"help_text\":\"\",\"desc_text\":\"\",\"disable_browser_autocomplete\":\"\",\"mask\":\"\",\"custom_mask\":\"\",\"field_label\":\"Phone\",\"field_key\":\"textbox\",\"custom_name_attribute\":\"\",\"personally_identifiable\":\"\",\"value\":\"\",\"id\":10,\"beforeField\":\"\",\"afterField\":\"\",\"parentType\":\"textbox\",\"element_templates\":[\"textbox\",\"input\"],\"old_classname\":\"\",\"wrap_template\":\"wrap\"},{\"objectType\":\"Field\",\"objectDomain\":\"fields\",\"editActive\":false,\"order\":8,\"idAttribute\":\"id\",\"type\":\"textbox\",\"label\":\"Vapaa sana\",\"key\":\"vapaa_sana_1725481216183\",\"label_pos\":\"above\",\"required\":false,\"default\":\"\",\"placeholder\":\"\",\"container_class\":\"\",\"element_class\":\"\",\"input_limit\":\"\",\"input_limit_type\":\"characters\",\"input_limit_msg\":\"Merkkej\\u00e4 j\\u00e4ljell\\u00e4\",\"manual_key\":false,\"admin_label\":\"\",\"help_text\":\"\",\"mask\":\"\",\"custom_mask\":\"\",\"custom_name_attribute\":\"\",\"personally_identifiable\":\"\",\"value\":\"\",\"drawerDisabled\":false,\"id\":21,\"beforeField\":\"\",\"afterField\":\"\",\"parentType\":\"textbox\",\"element_templates\":[\"textbox\",\"input\"],\"old_classname\":\"\",\"wrap_template\":\"wrap\"},{\"objectType\":\"Field\",\"objectDomain\":\"fields\",\"editActive\":false,\"order\":9,\"idAttribute\":\"id\",\"label\":\"Divider\",\"key\":\"hr_1\",\"type\":\"hr\",\"created_at\":\"2016-08-28 16:16:05\",\"container_class\":\"\",\"element_class\":\"\",\"field_label\":\"Divider\",\"field_key\":\"hr_1\",\"admin_label\":\"\",\"drawerDisabled\":false,\"id\":11,\"beforeField\":\"\",\"afterField\":\"\",\"value\":\"\",\"label_pos\":\"above\",\"parentType\":\"hr\",\"element_templates\":[\"hr\",\"input\"],\"old_classname\":\"\",\"wrap_template\":\"wrap\"},{\"objectType\":\"Field\",\"objectDomain\":\"fields\",\"editActive\":false,\"order\":10,\"idAttribute\":\"id\",\"label\":\"Mit\\u00e4 j\\u00e4senyytt\\u00e4 haet?\",\"key\":\"mita_jasenyytta_haet_1725199203174\",\"type\":\"listradio\",\"created_at\":\"2016-08-28 16:16:05\",\"label_pos\":\"above\",\"required\":0,\"options\":[{\"errors\":[],\"max_options\":\"0\",\"label\":\"Yritt\\u00e4j\\u00e4j\\u00e4senyys 200 \\u20ac\\\/v (Tislaamo)\",\"value\":\"yrittajajasenyys-200-eur-v-tislaamo\",\"calc\":\"\",\"selected\":\"0\",\"order\":0,\"settingModel\":{\"settings\":false,\"hide_merge_tags\":false,\"error\":false,\"name\":\"options\",\"type\":\"option-repeater\",\"label\":\"Valinnat <a href=\\\"#\\\" class=\\\"nf-add-new\\\">Lis\\u00e4\\u00e4 uusi<\\\/a> <a href=\\\"#\\\" class=\\\"extra nf-open-import-tooltip\\\"><i class=\\\"fa fa-sign-in\\\" aria-hidden=\\\"true\\\"><\\\/i> Tuo<\\\/a>\",\"width\":\"full\",\"group\":\"\",\"value\":[{\"label\":\"Yksi\",\"value\":\"yksi\",\"calc\":\"\",\"selected\":0,\"order\":0},{\"label\":\"Kaksi\",\"value\":\"kaksi\",\"calc\":\"\",\"selected\":0,\"order\":1},{\"label\":\"Kolme\",\"value\":\"kolme\",\"calc\":\"\",\"selected\":0,\"order\":2}],\"columns\":{\"label\":{\"header\":\"Tunnus\",\"default\":\"\"},\"value\":{\"header\":\"Arvo\",\"default\":\"\"},\"calc\":{\"header\":\"Laskenta-arvo\",\"default\":\"\"},\"selected\":{\"header\":\"<span class=\\\"dashicons dashicons-yes\\\"><\\\/span>\",\"default\":0}}}},{\"errors\":[],\"max_options\":0,\"order\":1,\"new\":false,\"options\":[],\"label\":\"Liit\\u00e4nn\\u00e4isj\\u00e4senyys 200 \\u20ac\\\/v (Alkoholijuoma-alalla toimiva yhteis\\u00f6 tai yritys)\",\"value\":\"liitannaisjasenyys-200-eur-v-alkoholijuoma-alalla-toimiva-yhteiso-tai-yritys\",\"calc\":\"\",\"selected\":0,\"settingModel\":{\"settings\":false,\"hide_merge_tags\":false,\"error\":false,\"name\":\"options\",\"type\":\"option-repeater\",\"label\":\"Valinnat <a href=\\\"#\\\" class=\\\"nf-add-new\\\">Lis\\u00e4\\u00e4 uusi<\\\/a> <a href=\\\"#\\\" class=\\\"extra nf-open-import-tooltip\\\"><i class=\\\"fa fa-sign-in\\\" aria-hidden=\\\"true\\\"><\\\/i> Tuo<\\\/a>\",\"width\":\"full\",\"group\":\"\",\"value\":[{\"label\":\"Yksi\",\"value\":\"yksi\",\"calc\":\"\",\"selected\":0,\"order\":0},{\"label\":\"Kaksi\",\"value\":\"kaksi\",\"calc\":\"\",\"selected\":0,\"order\":1},{\"label\":\"Kolme\",\"value\":\"kolme\",\"calc\":\"\",\"selected\":0,\"order\":2}],\"columns\":{\"label\":{\"header\":\"Tunnus\",\"default\":\"\"},\"value\":{\"header\":\"Arvo\",\"default\":\"\"},\"calc\":{\"header\":\"Laskenta-arvo\",\"default\":\"\"},\"selected\":{\"header\":\"<span class=\\\"dashicons dashicons-yes\\\"><\\\/span>\",\"default\":0}}}},{\"errors\":[],\"max_options\":\"0\",\"label\":\"Kannattajaj\\u00e4senyys 30 \\u20ac\\\/v\",\"value\":\"kannattajajasenyys-30-eur-v\",\"calc\":\"\",\"selected\":\"0\",\"order\":2,\"settingModel\":{\"settings\":false,\"hide_merge_tags\":false,\"error\":false,\"name\":\"options\",\"type\":\"option-repeater\",\"label\":\"Valinnat <a href=\\\"#\\\" class=\\\"nf-add-new\\\">Lis\\u00e4\\u00e4 uusi<\\\/a> <a href=\\\"#\\\" class=\\\"extra nf-open-import-tooltip\\\"><i class=\\\"fa fa-sign-in\\\" aria-hidden=\\\"true\\\"><\\\/i> Tuo<\\\/a>\",\"width\":\"full\",\"group\":\"\",\"value\":[{\"label\":\"Yksi\",\"value\":\"yksi\",\"calc\":\"\",\"selected\":0,\"order\":0},{\"label\":\"Kaksi\",\"value\":\"kaksi\",\"calc\":\"\",\"selected\":0,\"order\":1},{\"label\":\"Kolme\",\"value\":\"kolme\",\"calc\":\"\",\"selected\":0,\"order\":2}],\"columns\":{\"label\":{\"header\":\"Tunnus\",\"default\":\"\"},\"value\":{\"header\":\"Arvo\",\"default\":\"\"},\"calc\":{\"header\":\"Laskenta-arvo\",\"default\":\"\"},\"selected\":{\"header\":\"<span class=\\\"dashicons dashicons-yes\\\"><\\\/span>\",\"default\":0}}}}],\"container_class\":\"one-half first\",\"element_class\":\"\",\"admin_label\":\"\",\"help_text\":\"<p><br><\\\/p>\",\"desc_text\":\"\",\"field_label\":\"Any food requirements?\",\"field_key\":\"any_food_requirements\",\"drawerDisabled\":false,\"id\":13,\"beforeField\":\"\",\"afterField\":\"\",\"value\":\"\",\"parentType\":\"list\",\"element_templates\":[\"listradio\",\"input\"],\"old_classname\":\"list-radio\",\"wrap_template\":\"wrap\"},{\"objectType\":\"Field\",\"objectDomain\":\"fields\",\"editActive\":false,\"order\":11,\"idAttribute\":\"id\",\"label\":\"Divider\",\"key\":\"hr_2\",\"type\":\"hr\",\"created_at\":\"2016-08-28 16:16:05\",\"container_class\":\"\",\"element_class\":\"\",\"field_label\":\"Divider\",\"field_key\":\"hr_2\",\"admin_label\":\"\",\"drawerDisabled\":false,\"id\":15,\"beforeField\":\"\",\"afterField\":\"\",\"value\":\"\",\"label_pos\":\"above\",\"parentType\":\"hr\",\"element_templates\":[\"hr\",\"input\"],\"old_classname\":\"\",\"wrap_template\":\"wrap\"},{\"objectType\":\"Field\",\"objectDomain\":\"fields\",\"editActive\":false,\"order\":12,\"idAttribute\":\"id\",\"label\":\"L\\u00e4het\\u00e4\",\"key\":\"laheta_1725199344229\",\"type\":\"submit\",\"created_at\":\"2016-08-28 16:16:05\",\"processing_label\":\"K\\u00e4sittelyss\\u00e4\",\"container_class\":\"\",\"element_class\":\"\",\"field_label\":\"Register\",\"field_key\":\"register\",\"admin_label\":\"\",\"drawerDisabled\":false,\"id\":17,\"beforeField\":\"\",\"afterField\":\"\",\"value\":\"\",\"label_pos\":\"above\",\"parentType\":\"textbox\",\"element_templates\":[\"submit\",\"button\",\"input\"],\"old_classname\":\"\",\"wrap_template\":\"wrap-no-label\"}];nfForms.push(form);<\/script>\n        \n\n\n<p>tai ota suoraan yhteytt\u00e4<\/p>\n\n\n\n<p>asko@suomentislaamoliitto.fi<\/p>\n\n\n\n<p>p. 040 559 2506<\/p>\n","protected":false},"excerpt":{"rendered":"<p>tai ota suoraan yhteytt\u00e4 asko@suomentislaamoliitto.fi p. 040 559 2506<\/p>\n","protected":false},"author":1,"featured_media":0,"parent":0,"menu_order":0,"comment_status":"closed","ping_status":"closed","template":"page-no-title","meta":{"_monsterinsights_skip_tracking":false,"_monsterinsights_sitenote_active":false,"_monsterinsights_sitenote_note":"","_monsterinsights_sitenote_category":0,"footnotes":""},"class_list":["post-82","page","type-page","status-publish","hentry"],"yoast_head":"<!-- This site is optimized with the Yoast SEO plugin v27.4 - https:\/\/yoast.com\/product\/yoast-seo-wordpress\/ -->\n<title>J\u00e4senhakemus - Suomen Tislaamoliitto<\/title>\n<meta name=\"description\" content=\"Suomen Tislaamoliitto\" \/>\n<meta name=\"robots\" content=\"index, follow, max-snippet:-1, max-image-preview:large, max-video-preview:-1\" \/>\n<link rel=\"canonical\" href=\"https:\/\/www.suomentislaamoliitto.fi\/index.php\/jasenhakemus\/\" \/>\n<meta property=\"og:locale\" content=\"fi_FI\" \/>\n<meta property=\"og:type\" content=\"article\" \/>\n<meta property=\"og:title\" content=\"J\u00e4senhakemus - Suomen Tislaamoliitto\" \/>\n<meta property=\"og:description\" content=\"Suomen Tislaamoliitto\" \/>\n<meta property=\"og:url\" content=\"https:\/\/www.suomentislaamoliitto.fi\/index.php\/jasenhakemus\/\" \/>\n<meta property=\"og:site_name\" content=\"Suomen Tislaamoliitto\" \/>\n<meta property=\"article:modified_time\" content=\"2025-07-11T05:28:33+00:00\" \/>\n<meta property=\"og:image\" content=\"https:\/\/www.suomentislaamoliitto.fi\/wp-content\/uploads\/2024\/08\/cropped-tislaamologo.jpg\" \/>\n\t<meta property=\"og:image:width\" content=\"512\" \/>\n\t<meta property=\"og:image:height\" content=\"512\" \/>\n\t<meta property=\"og:image:type\" content=\"image\/jpeg\" \/>\n<meta name=\"twitter:card\" content=\"summary_large_image\" \/>\n<script type=\"application\/ld+json\" class=\"yoast-schema-graph\">{\"@context\":\"https:\\\/\\\/schema.org\",\"@graph\":[{\"@type\":\"WebPage\",\"@id\":\"https:\\\/\\\/www.suomentislaamoliitto.fi\\\/index.php\\\/jasenhakemus\\\/\",\"url\":\"https:\\\/\\\/www.suomentislaamoliitto.fi\\\/index.php\\\/jasenhakemus\\\/\",\"name\":\"J\u00e4senhakemus - Suomen Tislaamoliitto\",\"isPartOf\":{\"@id\":\"https:\\\/\\\/www.suomentislaamoliitto.fi\\\/#website\"},\"datePublished\":\"2024-09-04T20:32:26+00:00\",\"dateModified\":\"2025-07-11T05:28:33+00:00\",\"description\":\"Suomen Tislaamoliitto\",\"breadcrumb\":{\"@id\":\"https:\\\/\\\/www.suomentislaamoliitto.fi\\\/index.php\\\/jasenhakemus\\\/#breadcrumb\"},\"inLanguage\":\"fi\",\"potentialAction\":[{\"@type\":\"ReadAction\",\"target\":[\"https:\\\/\\\/www.suomentislaamoliitto.fi\\\/index.php\\\/jasenhakemus\\\/\"]}]},{\"@type\":\"BreadcrumbList\",\"@id\":\"https:\\\/\\\/www.suomentislaamoliitto.fi\\\/index.php\\\/jasenhakemus\\\/#breadcrumb\",\"itemListElement\":[{\"@type\":\"ListItem\",\"position\":1,\"name\":\"Etusivu\",\"item\":\"https:\\\/\\\/www.suomentislaamoliitto.fi\\\/\"},{\"@type\":\"ListItem\",\"position\":2,\"name\":\"J\u00e4senhakemus\"}]},{\"@type\":\"WebSite\",\"@id\":\"https:\\\/\\\/www.suomentislaamoliitto.fi\\\/#website\",\"url\":\"https:\\\/\\\/www.suomentislaamoliitto.fi\\\/\",\"name\":\"Suomen Tislaamoliitto\",\"description\":\"Kotimaiset tislaamot yhdistiv&auml;t voimansa perustamalla Suomen Tislaamoliiton\",\"publisher\":{\"@id\":\"https:\\\/\\\/www.suomentislaamoliitto.fi\\\/#organization\"},\"alternateName\":\"Tislaamoliitto\",\"potentialAction\":[{\"@type\":\"SearchAction\",\"target\":{\"@type\":\"EntryPoint\",\"urlTemplate\":\"https:\\\/\\\/www.suomentislaamoliitto.fi\\\/?s={search_term_string}\"},\"query-input\":{\"@type\":\"PropertyValueSpecification\",\"valueRequired\":true,\"valueName\":\"search_term_string\"}}],\"inLanguage\":\"fi\"},{\"@type\":\"Organization\",\"@id\":\"https:\\\/\\\/www.suomentislaamoliitto.fi\\\/#organization\",\"name\":\"Suomen Tislaamoliitto\",\"alternateName\":\"Tislaamoliitto\",\"url\":\"https:\\\/\\\/www.suomentislaamoliitto.fi\\\/\",\"logo\":{\"@type\":\"ImageObject\",\"inLanguage\":\"fi\",\"@id\":\"https:\\\/\\\/www.suomentislaamoliitto.fi\\\/#\\\/schema\\\/logo\\\/image\\\/\",\"url\":\"https:\\\/\\\/www.suomentislaamoliitto.fi\\\/wp-content\\\/uploads\\\/2024\\\/08\\\/tislaamologo.jpg\",\"contentUrl\":\"https:\\\/\\\/www.suomentislaamoliitto.fi\\\/wp-content\\\/uploads\\\/2024\\\/08\\\/tislaamologo.jpg\",\"width\":595,\"height\":595,\"caption\":\"Suomen Tislaamoliitto\"},\"image\":{\"@id\":\"https:\\\/\\\/www.suomentislaamoliitto.fi\\\/#\\\/schema\\\/logo\\\/image\\\/\"}}]}<\/script>\n<!-- \/ Yoast SEO plugin. -->","yoast_head_json":{"title":"J\u00e4senhakemus - Suomen Tislaamoliitto","description":"Suomen Tislaamoliitto","robots":{"index":"index","follow":"follow","max-snippet":"max-snippet:-1","max-image-preview":"max-image-preview:large","max-video-preview":"max-video-preview:-1"},"canonical":"https:\/\/www.suomentislaamoliitto.fi\/index.php\/jasenhakemus\/","og_locale":"fi_FI","og_type":"article","og_title":"J\u00e4senhakemus - Suomen Tislaamoliitto","og_description":"Suomen Tislaamoliitto","og_url":"https:\/\/www.suomentislaamoliitto.fi\/index.php\/jasenhakemus\/","og_site_name":"Suomen Tislaamoliitto","article_modified_time":"2025-07-11T05:28:33+00:00","og_image":[{"width":512,"height":512,"url":"https:\/\/www.suomentislaamoliitto.fi\/wp-content\/uploads\/2024\/08\/cropped-tislaamologo.jpg","type":"image\/jpeg"}],"twitter_card":"summary_large_image","schema":{"@context":"https:\/\/schema.org","@graph":[{"@type":"WebPage","@id":"https:\/\/www.suomentislaamoliitto.fi\/index.php\/jasenhakemus\/","url":"https:\/\/www.suomentislaamoliitto.fi\/index.php\/jasenhakemus\/","name":"J\u00e4senhakemus - Suomen Tislaamoliitto","isPartOf":{"@id":"https:\/\/www.suomentislaamoliitto.fi\/#website"},"datePublished":"2024-09-04T20:32:26+00:00","dateModified":"2025-07-11T05:28:33+00:00","description":"Suomen Tislaamoliitto","breadcrumb":{"@id":"https:\/\/www.suomentislaamoliitto.fi\/index.php\/jasenhakemus\/#breadcrumb"},"inLanguage":"fi","potentialAction":[{"@type":"ReadAction","target":["https:\/\/www.suomentislaamoliitto.fi\/index.php\/jasenhakemus\/"]}]},{"@type":"BreadcrumbList","@id":"https:\/\/www.suomentislaamoliitto.fi\/index.php\/jasenhakemus\/#breadcrumb","itemListElement":[{"@type":"ListItem","position":1,"name":"Etusivu","item":"https:\/\/www.suomentislaamoliitto.fi\/"},{"@type":"ListItem","position":2,"name":"J\u00e4senhakemus"}]},{"@type":"WebSite","@id":"https:\/\/www.suomentislaamoliitto.fi\/#website","url":"https:\/\/www.suomentislaamoliitto.fi\/","name":"Suomen Tislaamoliitto","description":"Kotimaiset tislaamot yhdistiv&auml;t voimansa perustamalla Suomen Tislaamoliiton","publisher":{"@id":"https:\/\/www.suomentislaamoliitto.fi\/#organization"},"alternateName":"Tislaamoliitto","potentialAction":[{"@type":"SearchAction","target":{"@type":"EntryPoint","urlTemplate":"https:\/\/www.suomentislaamoliitto.fi\/?s={search_term_string}"},"query-input":{"@type":"PropertyValueSpecification","valueRequired":true,"valueName":"search_term_string"}}],"inLanguage":"fi"},{"@type":"Organization","@id":"https:\/\/www.suomentislaamoliitto.fi\/#organization","name":"Suomen Tislaamoliitto","alternateName":"Tislaamoliitto","url":"https:\/\/www.suomentislaamoliitto.fi\/","logo":{"@type":"ImageObject","inLanguage":"fi","@id":"https:\/\/www.suomentislaamoliitto.fi\/#\/schema\/logo\/image\/","url":"https:\/\/www.suomentislaamoliitto.fi\/wp-content\/uploads\/2024\/08\/tislaamologo.jpg","contentUrl":"https:\/\/www.suomentislaamoliitto.fi\/wp-content\/uploads\/2024\/08\/tislaamologo.jpg","width":595,"height":595,"caption":"Suomen Tislaamoliitto"},"image":{"@id":"https:\/\/www.suomentislaamoliitto.fi\/#\/schema\/logo\/image\/"}}]}},"_links":{"self":[{"href":"https:\/\/www.suomentislaamoliitto.fi\/index.php\/wp-json\/wp\/v2\/pages\/82","targetHints":{"allow":["GET"]}}],"collection":[{"href":"https:\/\/www.suomentislaamoliitto.fi\/index.php\/wp-json\/wp\/v2\/pages"}],"about":[{"href":"https:\/\/www.suomentislaamoliitto.fi\/index.php\/wp-json\/wp\/v2\/types\/page"}],"author":[{"embeddable":true,"href":"https:\/\/www.suomentislaamoliitto.fi\/index.php\/wp-json\/wp\/v2\/users\/1"}],"replies":[{"embeddable":true,"href":"https:\/\/www.suomentislaamoliitto.fi\/index.php\/wp-json\/wp\/v2\/comments?post=82"}],"version-history":[{"count":3,"href":"https:\/\/www.suomentislaamoliitto.fi\/index.php\/wp-json\/wp\/v2\/pages\/82\/revisions"}],"predecessor-version":[{"id":376,"href":"https:\/\/www.suomentislaamoliitto.fi\/index.php\/wp-json\/wp\/v2\/pages\/82\/revisions\/376"}],"wp:attachment":[{"href":"https:\/\/www.suomentislaamoliitto.fi\/index.php\/wp-json\/wp\/v2\/media?parent=82"}],"curies":[{"name":"wp","href":"https:\/\/api.w.org\/{rel}","templated":true}]}}